{"id":7,"date":"2021-02-27T10:18:26","date_gmt":"2021-02-27T10:18:26","guid":{"rendered":"http:\/\/www.odtahovabognar.sk\/?page_id=7"},"modified":"2021-02-27T14:23:32","modified_gmt":"2021-02-27T14:23:32","slug":"rolunk","status":"publish","type":"page","link":"https:\/\/www.odtahovabognar.sk\/index.php\/rolunk\/","title":{"rendered":"Szolg\u00e1ltat\u00e1sok"},"content":{"rendered":"\n<ul><li><strong>Aut\u00f3ment\u00e9s NON STOP<\/strong><\/li><li><strong>Aut\u00f3sz\u00e1llit\u00e1s<\/strong><\/li><li><strong>Aut\u00f3 behozatal k\u00fclf\u00f6ldr\u0151l <\/strong><\/li><li><strong>\u00c1rusz\u00e1ll\u00edt\u00e1s 3,5 tonn\u00e1ig<\/strong><\/li><li><strong>J\u00e1rm\u0171sz\u00e1ll\u00edt\u00e1s<\/strong><\/li><li><strong>Alacsony hasmagass\u00e1g\u00fa aut\u00f3k sz\u00e1ll\u00edt\u00e1sa (sportaut\u00f3k)<\/strong><\/li><li><strong>Terepj\u00e1r\u00f3k sz\u00e1ll\u00edt\u00e1sa<\/strong><\/li><li><strong>Kishaszon g\u00e9pj\u00e1rm\u0171vek sz\u00e1ll\u00edt\u00e1sa<\/strong><\/li><li><strong>Kisebb mez\u0151gazdas\u00e1gi g\u00e9pek sz\u00e1ll\u00edt\u00e1sa<\/strong><\/li><li><strong>Motorker\u00e9kp\u00e1r sz\u00e1ll\u00edt\u00e1sa<\/strong><\/li><li><strong>\u00dczemanyagsz\u00e1ll\u00edt\u00e1s<\/strong><\/li><li><strong>Nemzetk\u00f6zi fuvaroz\u00e1s<\/strong><\/li><\/ul>\n\n\n\n<p><\/p>\n","protected":false},"excerpt":{"rendered":"<p>Aut\u00f3ment\u00e9s NON STOP Aut\u00f3sz\u00e1llit\u00e1s Aut\u00f3 behozatal k\u00fclf\u00f6ldr\u0151l \u00c1rusz\u00e1ll\u00edt\u00e1s 3,5 tonn\u00e1ig J\u00e1rm\u0171sz\u00e1ll\u00edt\u00e1s Alacsony hasmagass\u00e1g\u00fa aut\u00f3k sz\u00e1ll\u00edt\u00e1sa (sportaut\u00f3k) Terepj\u00e1r\u00f3k sz\u00e1ll\u00edt\u00e1sa Kishaszon g\u00e9pj\u00e1rm\u0171vek sz\u00e1ll\u00edt\u00e1sa Kisebb mez\u0151gazdas\u00e1gi g\u00e9pek sz\u00e1ll\u00edt\u00e1sa Motorker\u00e9kp\u00e1r sz\u00e1ll\u00edt\u00e1sa \u00dczemanyagsz\u00e1ll\u00edt\u00e1s Nemzetk\u00f6zi fuvaroz\u00e1s<\/p>\n","protected":false},"author":1,"featured_media":0,"parent":0,"menu_order":0,"comment_status":"closed","ping_status":"closed","template":"","meta":[],"_links":{"self":[{"href":"https:\/\/www.odtahovabognar.sk\/index.php\/wp-json\/wp\/v2\/pages\/7"}],"collection":[{"href":"https:\/\/www.odtahovabognar.sk\/index.php\/wp-json\/wp\/v2\/pages"}],"about":[{"href":"https:\/\/www.odtahovabognar.sk\/index.php\/wp-json\/wp\/v2\/types\/page"}],"author":[{"embeddable":true,"href":"https:\/\/www.odtahovabognar.sk\/index.php\/wp-json\/wp\/v2\/users\/1"}],"replies":[{"embeddable":true,"href":"https:\/\/www.odtahovabognar.sk\/index.php\/wp-json\/wp\/v2\/comments?post=7"}],"version-history":[{"count":7,"href":"https:\/\/www.odtahovabognar.sk\/index.php\/wp-json\/wp\/v2\/pages\/7\/revisions"}],"predecessor-version":[{"id":112,"href":"https:\/\/www.odtahovabognar.sk\/index.php\/wp-json\/wp\/v2\/pages\/7\/revisions\/112"}],"wp:attachment":[{"href":"https:\/\/www.odtahovabognar.sk\/index.php\/wp-json\/wp\/v2\/media?parent=7"}],"curies":[{"name":"wp","href":"https:\/\/api.w.org\/{rel}","templated":true}]}}