{"id":33,"date":"2021-02-27T10:37:11","date_gmt":"2021-02-27T10:37:11","guid":{"rendered":"http:\/\/www.odtahovabognar.sk\/index.php\/mesmerize\/"},"modified":"2021-02-27T16:32:38","modified_gmt":"2021-02-27T16:32:38","slug":"mesmerize","status":"publish","type":"page","link":"https:\/\/www.odtahovabognar.sk\/","title":{"rendered":"Front Page"},"content":{"rendered":"<div  id=\"overlappable-4\" style=\"background-color: #ffffff;\" data-label=\"Overlappable\" data-id=\"overlappable-4\" data-export-id=\"overlappable-4\" data-category=\"overlappable\" class=\"overlappable-4 content-section content-section-spacing\" data-overlap=\"true\"><div  class=\"gridContainer\"> <div  data-type=\"row\" class=\"row spaced-cols text-center\"><div  class=\"col-xs-12 col-sm-4 col-padding\"> <a data-cp-link=\"1\" href=\"https:\/\/www.odtahovabognar.sk\/index.php\/rolunk\" target=\"_self\" rel=\"noopener noreferrer\"><i  class=\"fa icon shadow-large-black aligncenter color1 fa-automobile reverse round large\"><\/i><\/a> <div  data-type=\"column\" class=\"\"> <h5  class=\"\">SZOLG\u00c1LTAT\u00c1SOK<\/h5> <\/div> <\/div> <div  class=\"col-xs-12 col-sm-4 col-padding\"> <a data-cp-link=\"1\" href=\"https:\/\/www.odtahovabognar.sk\/index.php\/blog\" target=\"_self\" rel=\"noopener noreferrer\"><i  class=\"fa icon shadow-large-black aligncenter color1 fa-picture-o reverse round large\"><\/i><\/a> <div  data-type=\"column\" class=\"\"><h5  class=\"\">REFERENCI\u00c1K<\/h5> <\/div> <\/div> <div  class=\"col-xs-12 col-sm-4 col-padding\"> <a data-cp-link=\"1\" href=\"https:\/\/www.odtahovabognar.sk\/index.php\/sample-page\" target=\"_self\" rel=\"noopener noreferrer\"><i  class=\"fa icon shadow-large-black aligncenter color1 fa-phone reverse round large\"><\/i><\/a> <div  data-type=\"column\" class=\"\"> <h5  class=\"\">KAPCSOLAT<\/h5> <\/div> <\/div><\/div> <\/div><\/div><div  id=\"about-1\" style=\"background-color: #f5fafd;\" data-label=\"About\" data-id=\"about-1\" data-export-id=\"about-1\" data-category=\"about\" class=\"about-1 content-section\"><div  class=\"gridContainer\"> <div  class=\"row text-center\"><div  class=\"section-title-col\" data-type=\"column\">  <h2  class=\"\">Aut\u00f3sz\u00e1ll\u00edt\u00e1s, aut\u00f3ment\u00e9s, aut\u00f3 behozatal k\u00fclf\u00f6ldr\u0151l, \u00e1rusz\u00e1ll\u00edt\u00e1s 3,5 tonn\u00e1ig&nbsp;<\/h2> <p  class=\"lead\">V\u00e1ratlanul le\u00e1llt az aut\u00f3ja? Vagy nem indul kocsija? Net\u00e1n defektet kapott vagy kifogyott az \u00fczemanyag? F\u00e9lre tankolt, \u00e9s meghib\u00e1sodott a g\u00e9pj\u00e1rm\u0171je? Ne essen p\u00e1nikba, keressen minket, \u00e9s mi seg\u00edteni fogunk \u00d6nnek! H\u00edv\u00e1sa ut\u00e1n azonnal indulunk a megadott helysz\u00ednre, \u00e9s sz\u00fcks\u00e9g eset\u00e9n gondoskodunk \u00d6n \u00e9s aut\u00f3ja elsz\u00e1ll\u00edt\u00e1s\u00e1r\u00f3l is! Aut\u00f3ment\u0151 \u00e9s aut\u00f3sz\u00e1ll\u00edt\u00f3 szolg\u00e1ltat\u00e1sunk \u00e9jjel-nappal rendelkez\u00e9s\u00e9re \u00e1ll.\n\n<br ><br >A nap 24 \u00f3r\u00e1j\u00e1ban v\u00e1rjuk a bajba jutott sof\u0151r\u00f6k h\u00edv\u00e1s\u00e1t. Ak\u00e1r aut\u00f3ment\u00e9sr\u0151l, aut\u00f3sz\u00e1ll\u00edt\u00e1sr\u00f3l vagy helysz\u00edni jav\u00edt\u00e1sr\u00f3l legyen sz\u00f3, mi mindenben seg\u00edts\u00e9get ny\u00fajtunk \u00d6nnek. Szolg\u00e1ltat\u00e1saink sokr\u00e9t\u0171ek, gyorsan \u00e9s kedvez\u0151 \u00e1ron dolgozunk. K\u00fclf\u00f6ld\u00f6n is v\u00e1llalunk aut\u00f3ment\u00e9st \u00e9s aut\u00f3sz\u00e1ll\u00edt\u00e1st, mivel koll\u00e9g\u00e1ink igen nagy tapasztalattal rendelkeznek nemzetk\u00f6zi fuvaroz\u00e1s ter\u00e9n is.\n<br ><br >C\u00e9g\u00fcnk rendelkez\u00e9s\u00e9re \u00e1ll mind belf\u00f6ldi, mind k\u00fclf\u00f6ldi aut\u00f3ment\u00e9s, aut\u00f3sz\u00e1ll\u00edt\u00e1s eset\u00e9n.\n<br ><br >V\u00e1llalkoz\u00e1sunk t\u00f6bb \u00e9ve \u00e1ll az \u00fcgyfelek rendelkez\u00e9s\u00e9re, akik el\u00e9gedettel voltak a szolg\u00e1ltat\u00e1saink min\u0151s\u00e9g\u00e9vel. Erre garancia koll\u00e9g\u00e1ink magas sz\u00ednvonal\u00fa k\u00e9pzetts\u00e9ge, rutinja, seg\u00edt\u0151k\u00e9szs\u00e9ge. H\u00edv\u00e1sa ut\u00e1n azonnal a helysz\u00ednre indulnak, hogy miel\u0151bb seg\u00edthessenek \u00d6nnek! \u00dcgyf\u00e9lszolg\u00e1latunk az \u00e9v 365 napj\u00e1n rendelkez\u00e9sre \u00e1ll, a nap minden \u00f3r\u00e1j\u00e1ban fogadjuk h\u00edv\u00e1s\u00e1t!\n<br ><br >C\u00e9g\u00fcnkn\u00e9l alapvet\u0151 elv\u00e1r\u00e1s a prec\u00edz munkav\u00e9gz\u00e9s, ez\u00e9rt aut\u00f3sz\u00e1ll\u00edt\u00e1s eset\u00e9n k\u00fcl\u00f6n\u00f6sen \u00fcgyel\u00fcnk arra, hogy az aut\u00f3k j\u00f3l legyenek r\u00f6gz\u00edtve, \u00e9s \u00e9ps\u00e9gben \u00e9rjenek a k\u00e9rt helysz\u00ednre, szervizbe.&nbsp;\n<br >Ha \u00d6nnek aut\u00f3sz\u00e1ll\u00edt\u00e1shoz, tr\u00e9leres aut\u00f3ment\u00e9shez, vontat\u00e1shoz keres seg\u00edts\u00e9get, h\u00edvjon b\u00e1tran benn\u00fcnket! Hat\u00e9konyan, gyorsan \u00e9s szakszer\u0171en elv\u00e9gezz\u00fck a sz\u00e1ll\u00edt\u00e1st, amire garancia a modern, j\u00f3l felszerelt g\u00e9pj\u00e1rm\u0171parkunk. G\u00e9pj\u00e1rm\u0171veink folyamatosan szervizelve vannak, valamint rendelkeznek felel\u0151ss\u00e9g- \u00e9s rakom\u00e1nybiztos\u00edt\u00e1ssal is. A biztons\u00e1g n\u00e1lunk kiemelt szempont!<br >N\u00e1lunk nemcsak a j\u00e1rm\u0171veink garant\u00e1lj\u00e1k a prec\u00edz, min\u0151s\u00e9gi munkav\u00e9gz\u00e9st, hanem munkat\u00e1rsaink szakmai felk\u00e9sz\u00fclts\u00e9ge is.\n<br ><br >Jusson esz\u00e9be, ha korrekt \u00e1ron, gyors \u00e9s megb\u00edzhat\u00f3 aut\u00f3ment\u0151, aut\u00f3sz\u00e1ll\u00edt\u00f3 szolg\u00e1ltat\u00e1sra van sz\u00fcks\u00e9ge, akkor minket b\u00e1tran kereshet! \u00dcgyf\u00e9lszolg\u00e1latunk az \u00e9v mind a 365 napj\u00e1n, legyen az h\u00e9tv\u00e9ge vagy \u00fcnnepnap, sof\u0151rszolg\u00e1latunk 0-24 \u00f3r\u00e1ig v\u00e1rja \u00e9s fogadja h\u00edv\u00e1s\u00e1t! H\u00edv\u00e1sa ut\u00e1n egy gyors \u00fcgyint\u00e9z\u00e9st k\u00f6vet\u0151en azonnal indulunk a helysz\u00ednre a megfelel\u0151 eszk\u00f6z\u00f6kkel, hogy miel\u0151bb seg\u00edthess\u00fcnk \u00d6nnek!\n<br ><br ><br >Ne feledje, nonstop seg\u00edts\u00e9g eg\u00e9sz \u00e9vben, csak h\u00edvjon benn\u00fcnket! Nem fog csal\u00f3dni benn\u00fcnk!<\/p><\/div> <\/div> <div  class=\"row\"> <div  class=\"button-holder space-bottom space-bottom-small\" data-type=\"column\"> <\/div> <div  class=\"col-xs bottom-xs flexbox image-group-bottom-3-img space-bottom-xs center-xs\"> <img  class=\"left-img shadow-large-black\" data-size=\"500x300\" src=\"http:\/\/www.odtahovabognar.sk\/wp-content\/uploads\/2021\/02\/cropped-IMG_0012-scaled-1.jpg\" title=\"cropped-IMG_0012-scaled-1.jpg\" alt=\"\"> <img  class=\"center-img shadow-large-black\" data-size=\"500x300\" src=\"http:\/\/www.odtahovabognar.sk\/wp-content\/uploads\/2021\/02\/cropped-IMG_1632-scaled-1.jpg\" title=\"cropped-IMG_1632-scaled-1.jpg\" alt=\"\"> <img  class=\"right-img shadow-large-black\" data-size=\"500x300\" src=\"http:\/\/www.odtahovabognar.sk\/wp-content\/uploads\/2021\/02\/cropped-IMG_9903-scaled-1.jpg\" title=\"cropped-IMG_9903-scaled-1.jpg\" alt=\"\"><\/div> <\/div><\/div> <\/div><div  id=\"content-13\" style=\"background-color: #f5fafd;\" data-label=\"Content\" data-id=\"content-2\" data-export-id=\"content-2\" data-category=\"content\" class=\"content-2 content-section content-section-spacing\"><div > <div  class=\"row middle-xs\"><div  class=\"col-sm-5 bg-image shadow-large-black\" data-bg=\"image\" style=\"background-image: url(&quot;http:\/\/www.odtahovabognar.sk\/wp-content\/uploads\/2021\/02\/cropped-2692D36B-C4D7-4F36-8D59-F3935622D492-scaled-1.jpg&quot;);\"><\/div> <div  class=\"col-sm-7 full-col-left-padding full-col-right-padding\"> <div  class=\"row\"> <div  data-type=\"column\" class=\"space-bottom-small content-title-col\">  <h2  class=\"\">Szolg\u00e1ltat\u00e1sink:<\/h2> <p  class=\"\"><img draggable=\"false\" role=\"img\" class=\"emoji\" alt=\"\ud83c\udded\ud83c\uddfa\" src=\"https:\/\/s.w.org\/images\/core\/emoji\/13.0.0\/svg\/1f1ed-1f1fa.svg\" ><br ><img draggable=\"false\" role=\"img\" class=\"emoji\" alt=\"\u2705\" src=\"https:\/\/s.w.org\/images\/core\/emoji\/13.0.0\/svg\/2705.svg\" > Aut\u00f3ment\u00e9s non stop 0-24 <br ><img draggable=\"false\" role=\"img\" class=\"emoji\" alt=\"\u2705\" src=\"https:\/\/s.w.org\/images\/core\/emoji\/13.0.0\/svg\/2705.svg\" > Aut\u00f3sz\u00e1llit\u00e1s<br ><img draggable=\"false\" role=\"img\" class=\"emoji\" alt=\"\u2705\" src=\"https:\/\/s.w.org\/images\/core\/emoji\/13.0.0\/svg\/2705.svg\" > Aut\u00f3 behozatal k\u00fclf\u00f6ldr\u0151l<br ><img draggable=\"false\" role=\"img\" class=\"emoji\" alt=\"\u2705\" src=\"https:\/\/s.w.org\/images\/core\/emoji\/13.0.0\/svg\/2705.svg\" > \u00c1rusz\u00e1ll\u00edt\u00e1s 3,5 tonn\u00e1ig<br ><br ><img draggable=\"false\" role=\"img\" class=\"emoji\" alt=\"\ud83c\uddf8\ud83c\uddf0\" src=\"https:\/\/s.w.org\/images\/core\/emoji\/13.0.0\/svg\/1f1f8-1f1f0.svg\" ><br ><img draggable=\"false\" role=\"img\" class=\"emoji\" alt=\"\u2705\" src=\"https:\/\/s.w.org\/images\/core\/emoji\/13.0.0\/svg\/2705.svg\" > Od\u0165ahov\u00e1 slu\u017eba non stop 0-24 <br ><img draggable=\"false\" role=\"img\" class=\"emoji\" alt=\"\u2705\" src=\"https:\/\/s.w.org\/images\/core\/emoji\/13.0.0\/svg\/2705.svg\" > Autodoprava<br ><img draggable=\"false\" role=\"img\" class=\"emoji\" alt=\"\u2705\" src=\"https:\/\/s.w.org\/images\/core\/emoji\/13.0.0\/svg\/2705.svg\" > Dovoz vozidiel zo zahrani\u010dia<br ><img draggable=\"false\" role=\"img\" class=\"emoji\" alt=\"\u2705\" src=\"https:\/\/s.w.org\/images\/core\/emoji\/13.0.0\/svg\/2705.svg\" > Prevoz tovaru do 3,5 ton<br ><br ><img draggable=\"false\" role=\"img\" class=\"emoji\" alt=\"\ud83d\udcf2\" src=\"https:\/\/s.w.org\/images\/core\/emoji\/13.0.0\/svg\/1f4f2.svg\" > +421 915 443 898 <img draggable=\"false\" role=\"img\" class=\"emoji\" alt=\"\ud83d\udcf2\" src=\"https:\/\/s.w.org\/images\/core\/emoji\/13.0.0\/svg\/1f4f2.svg\" ><\/p><\/div> <\/div> <div  class=\"row spaced-cols \" data-type=\"row\"> <div  class=\"col-xs-6 col-md-6\" data-type=\"column\"> <h5  class=\"\">Gyorsass\u00e1g<\/h5> <\/div> <div  class=\"col-xs-6 col-md-6\" data-type=\"column\"><h5  class=\"\">Megb\u00edzhat\u00f3s\u00e1g<\/h5> <\/div> <div  class=\"col-xs-6 col-md-6\" data-type=\"column\"><h5  class=\"\">Rugalmass\u00e1g<\/h5> <\/div> <div  class=\"col-xs-6 col-md-6\" data-type=\"column\"><h5  class=\"\">Biztons\u00e1g<\/h5> <\/div> <\/div><\/div> <\/div><\/div> <\/div><div  id=\"portfolio-3\" style=\"background-color: #f5fafd;\" data-label=\"Portfolio\" data-id=\"portfolio-4\" data-export-id=\"portfolio-4\" data-category=\"portfolio\" class=\"portfolio-4 content-section content-section-spacing-top\"><div  class=\"\"> <div  class=\"row text-center\"><div  class=\"section-title-col\" data-type=\"column\"> <h2  class=\"\">Referencia munk\u00e1ink<\/h2> <\/div> <\/div> <div  data-type=\"row\" class=\"row\" data-fixed=\"true\"> <div  class=\"col-xs-12 col-sm-3 no-gutter-col\"> <div  class=\"contentswap-effect\" data-hover-fx=\"portfolio-4\"> <div  class=\"initial-image\"> <img  data-size=\"542x360\" src=\"http:\/\/www.odtahovabognar.sk\/wp-content\/uploads\/2021\/02\/cropped-IMG_9540-scaled-1.jpg\"><\/div> <div  class=\"overlay bg-color1\"><\/div> <div  class=\"swap-inner col-xs-12\"> <div  class=\"row full-height-row middle-xs middle-sm\"> <div  class=\"col-xs-12 text-center content-holder\"> <a href=\"#\" target=\"_self\" rel=\"noopener noreferrer\"><i  class=\"fa icon portfolio-icon fa-search big\" aria-hidden=\"true\"><\/i><\/a><\/div> <\/div><\/div> <\/div><\/div> <div  class=\"col-xs-12 col-sm-3 no-gutter-col\"><div  class=\"contentswap-effect\" data-hover-fx=\"portfolio-4\"> <div  class=\"initial-image\"> <img  data-size=\"542x360\" src=\"http:\/\/www.odtahovabognar.sk\/wp-content\/uploads\/2021\/02\/cropped-IMG_8813-scaled-1.jpg\"><\/div> <div  class=\"overlay bg-color1\"><\/div> <div  class=\"swap-inner col-xs-12\"> <div  class=\"row full-height-row middle-xs middle-sm\"> <div  class=\"col-xs-12 text-center content-holder\"> <a href=\"#\" target=\"_self\" rel=\"noopener noreferrer\"><i  class=\"fa icon portfolio-icon fa-search big\" aria-hidden=\"true\"><\/i><\/a><\/div> <\/div><\/div> <\/div><\/div> <div  class=\"col-xs-12 col-sm-3 no-gutter-col\"><div  class=\"contentswap-effect\" data-hover-fx=\"portfolio-4\"> <div  class=\"initial-image\"> <img  data-size=\"542x360\" src=\"http:\/\/www.odtahovabognar.sk\/wp-content\/uploads\/2021\/02\/cropped-IMG_1633-scaled-1.jpg\"><\/div> <div  class=\"overlay bg-color1\"><\/div> <div  class=\"swap-inner col-xs-12\"> <div  class=\"row full-height-row middle-xs middle-sm\"> <div  class=\"col-xs-12 text-center content-holder\"> <a href=\"#\" target=\"_self\" rel=\"noopener noreferrer\"><i  class=\"fa icon portfolio-icon fa-search big\" aria-hidden=\"true\"><\/i><\/a><\/div> <\/div><\/div> <\/div><\/div> <div  class=\"col-xs-12 col-sm-3 no-gutter-col\"><div  class=\"contentswap-effect\" data-hover-fx=\"portfolio-4\"> <div  class=\"initial-image\"> <img  data-size=\"542x360\" src=\"http:\/\/www.odtahovabognar.sk\/wp-content\/uploads\/2021\/02\/cropped-IMG_9242-scaled-1.jpg\"><\/div> <div  class=\"overlay bg-color1\"><\/div> <div  class=\"swap-inner col-xs-12\"> <div  class=\"row full-height-row middle-xs middle-sm\"> <div  class=\"col-xs-12 text-center content-holder\"> <a href=\"#\" target=\"_self\" rel=\"noopener noreferrer\"><i  class=\"fa icon portfolio-icon fa-search big\" aria-hidden=\"true\"><\/i><\/a><\/div> <\/div><\/div> <\/div><\/div> <div  class=\"col-xs-12 col-sm-3 no-gutter-col\"><div  class=\"contentswap-effect\" data-hover-fx=\"portfolio-4\"> <div  class=\"initial-image\"> <img  data-size=\"542x360\" src=\"http:\/\/www.odtahovabognar.sk\/wp-content\/uploads\/2021\/02\/cropped-IMG_8668-scaled-1.jpg\"><\/div> <div  class=\"overlay bg-color1\"><\/div> <div  class=\"swap-inner col-xs-12\"> <div  class=\"row full-height-row middle-xs middle-sm\"> <div  class=\"col-xs-12 text-center content-holder\"> <a href=\"#\" target=\"_self\" rel=\"noopener noreferrer\"><i  class=\"fa icon portfolio-icon fa-search big\" aria-hidden=\"true\"><\/i><\/a><\/div> <\/div><\/div> <\/div><\/div> <div  class=\"col-xs-12 col-sm-3 no-gutter-col\"><div  class=\"contentswap-effect\" data-hover-fx=\"portfolio-4\"> <div  class=\"initial-image\"> <img  data-size=\"542x360\" src=\"http:\/\/www.odtahovabognar.sk\/wp-content\/uploads\/2021\/02\/cropped-IMG_9830-scaled-1.jpg\"><\/div> <div  class=\"overlay bg-color1\"><\/div> <div  class=\"swap-inner col-xs-12\"> <div  class=\"row full-height-row middle-xs middle-sm\"> <div  class=\"col-xs-12 text-center content-holder\"> <a href=\"#\" target=\"_self\" rel=\"noopener noreferrer\"><i  class=\"fa icon portfolio-icon fa-search big\" aria-hidden=\"true\"><\/i><\/a><\/div> <\/div><\/div> <\/div><\/div> <div  class=\"col-xs-12 col-sm-3 no-gutter-col\"><div  class=\"contentswap-effect\" data-hover-fx=\"portfolio-4\"> <div  class=\"initial-image\"> <img  data-size=\"542x360\" src=\"http:\/\/www.odtahovabognar.sk\/wp-content\/uploads\/2021\/02\/cropped-IMG_9350-scaled-1.jpg\"><\/div> <div  class=\"overlay bg-color1\"><\/div> <div  class=\"swap-inner col-xs-12\"> <div  class=\"row full-height-row middle-xs middle-sm\"> <div  class=\"col-xs-12 text-center content-holder\"> <a href=\"#\" target=\"_self\" rel=\"noopener noreferrer\"><i  class=\"fa icon portfolio-icon fa-search big\" aria-hidden=\"true\"><\/i><\/a><\/div> <\/div><\/div> <\/div><\/div> <div  class=\"col-xs-12 col-sm-3 no-gutter-col\"><div  class=\"contentswap-effect\" data-hover-fx=\"portfolio-4\"> <div  class=\"initial-image\"> <img  data-size=\"542x360\" src=\"http:\/\/www.odtahovabognar.sk\/wp-content\/uploads\/2021\/02\/cropped-IMG_9864-scaled-1.jpg\"><\/div> <div  class=\"overlay bg-color1\"><\/div> <div  class=\"swap-inner col-xs-12\"> <div  class=\"row full-height-row middle-xs middle-sm\"> <div  class=\"col-xs-12 text-center content-holder\"> <a href=\"#\" target=\"_self\" rel=\"noopener noreferrer\"><i  class=\"fa icon portfolio-icon fa-search big\" aria-hidden=\"true\"><\/i><\/a><\/div> <\/div><\/div> <\/div><\/div> <\/div><\/div> <\/div><div  id=\"testimonials-5\" style=\"background-color: #ffffff;\" data-label=\"Testimonials\" data-id=\"testimonials-5\" data-export-id=\"testimonials-5\" data-category=\"testimonials\" class=\"testimonials-5 content-section content-section-spacing\"><div  class=\"gridContainer\"> <div  class=\"row\"><div  data-type=\"column\" class=\"section-title-col\"> <h2  class=\"\">\u00dcgyfeleink visszajelz\u00e9se:<\/h2> <p  class=\"lead\"><\/p><\/div> <\/div> <div  class=\"row spaced-cols content-center-sm\" data-type=\"row\"> <div  class=\"col-sm-4\"> <div  class=\"card y-move bordered\" data-type=\"column\"> <i  class=\"fa fa-quote-right icon color1 small quotation-icon\"><\/i> <p  class=\"text-center\">K\u00f6sz\u00f6n\u00f6m a gyors \u00e9s prec\u00edz munk\u00e1t! Legk\u00f6zelebb is titeket v\u00e1lasztunk!\n<br >\u00dcdv\u00f6zlettel: Barta G\u00e1bor<\/p>   <\/div> <\/div> <div  class=\"col-sm-4\"> <div  class=\"card y-move bordered\" data-type=\"column\"> <i  class=\"fa fa-quote-right icon color1 small quotation-icon\"><\/i> <p  class=\"text-center\">Sziasztok,k\u00f6sz\u00f6nj\u00fck a seg\u00edts\u00e9get,b\u00e1tran merem aj\u00e1nlani ezt a c\u00e9get!\n<br >\u00dcdv\u00f6zlettel: Horv\u00e1th \u00c1kos<\/p>   <\/div> <\/div> <div  class=\"col-sm-4\"> <div  class=\"card y-move bordered\" data-type=\"column\"> <i  class=\"fa fa-quote-right icon color1 small quotation-icon\"><\/i> <p  class=\"text-center\">Prec\u00edz,gyors,figyelmes!\n<br >Legjobban ezzel a h\u00e1rom sz\u00f3val tudom jellemezni \u0151ket!\n<br >\u00dcdv\u00f6zlettel: Kiss \u00c9va<\/p>   <\/div> <\/div><\/div> <\/div><\/div><div  id=\"cta-1\" data-label=\"Cta\" data-id=\"cta-blue-section\" data-export-id=\"cta-blue-section\" data-category=\"cta\" class=\"cta-blue-section content-section content-section-spacing-medium bg-color1 white-text\"><div  class=\"gridContainer\"> <div  class=\"row middle-xs\"><div  class=\"col-sm-8 space-bottom-xs\" data-type=\"column\"> <h2  class=\"\">Online megrendel\u00e9s<\/h2> <\/div> <div  class=\"col-sm-4 end-sm\" data-type=\"column\"> <a class=\"button color2\" href=\"#\" target=\"_self\" data-cp-link=\"1\" rel=\"noopener noreferrer\">Rendelj most<\/a><\/div> <\/div><\/div> <\/div><div  id=\"team-2\" style=\"background-color: #ffffff;\" data-label=\"Team\" data-id=\"team-2\" data-export-id=\"team-2\" data-category=\"team\" class=\"team-2 content-section content-section-spacing\"><div  class=\"gridContainer\"> <div  class=\"row text-center\"><div  class=\"section-title-col\" data-type=\"column\"> <h2  class=\"\">Csapatunk<\/h2> <\/div> <\/div> <div  class=\"row spaced-cols content-center-sm\" data-type=\"row\"> <div  class=\"col-sm-6 col-md-3\"> <div  class=\"card y-move no-padding bordered\"> <img  class=\"face\" src=\"http:\/\/www.odtahovabognar.sk\/wp-content\/uploads\/2021\/02\/cropped-F50420A6-2902-4975-BDD5-CF816D12B7F8.jpg\" title=\"cropped-F50420A6-2902-4975-BDD5-CF816D12B7F8.jpg\" alt=\"\"> <div  data-type=\"column\" class=\"col-padding-small col-padding-small-xs description-container\"> <h4  class=\"font-500\">Arnold P\u00e1l Bogn\u00e1r<\/h4> <p  class=\"small\" style=\"font-style: italic;\">Tulajdonos<\/p> <div  class=\"social-icons-group\" data-type=\"group\"> <a href=\"#www.facebook.com\/arnoldpal.bognar\" target=\"_self\" rel=\"noopener noreferrer\"><i  class=\"gray fa icon fa-facebook-square\"><\/i><\/a> <a href=\"#\" target=\"_self\" data-reiki-hidden=\"true\" rel=\"noopener noreferrer\"><i  class=\"gray fa icon fa-twitter-square\"><\/i><\/a> <a href=\"#\" target=\"_self\" data-reiki-hidden=\"true\" rel=\"noopener noreferrer\"><i  class=\"gray fa icon fa-linkedin-square\"><\/i><\/a> <a href=\"#\" target=\"_self\" data-reiki-hidden=\"true\" rel=\"noopener noreferrer\"><i  class=\"gray fa icon fa-google-plus-square\"><\/i><\/a><\/div> <\/div><\/div> <\/div>       <div  class=\"col-sm-6 col-md-3\"> <div  class=\"card y-move no-padding bordered\"> <img  class=\"face\" src=\"http:\/\/www.odtahovabognar.sk\/wp-content\/uploads\/2021\/02\/cropped-ODTAHOVA-SLUZBA-BOGNAR-2.png\" title=\"cropped-ODTAHOVA-SLUZBA-BOGNAR-2.png\" alt=\"\"> <div  data-type=\"column\" class=\"col-padding-small col-padding-small-xs description-container\"> <h4  class=\"font-500\">Facebook Oldal<\/h4>  <div  class=\"social-icons-group\" data-type=\"group\"> <a href=\"#www.facebook.com\/odtahovasluzbads\" target=\"_self\" rel=\"noopener noreferrer\"><i  class=\"gray fa icon fa-facebook-square\"><\/i><\/a> <a href=\"#\" target=\"_self\" data-reiki-hidden=\"true\" rel=\"noopener noreferrer\"><i  class=\"gray fa icon fa-twitter-square\"><\/i><\/a> <a href=\"#\" target=\"_self\" data-reiki-hidden=\"true\" rel=\"noopener noreferrer\"><i  class=\"gray fa icon fa-linkedin-square\"><\/i><\/a> <a href=\"#\" target=\"_self\" data-reiki-hidden=\"true\" rel=\"noopener noreferrer\"><i  class=\"gray fa icon fa-google-plus-square\"><\/i><\/a><\/div> <\/div><\/div> <\/div><\/div> <\/div><\/div><div  id=\"contact-1\" data-label=\"Contact\" data-id=\"contact-1\" data-export-id=\"contact-1\" data-category=\"contact\" class=\"contact-1 content-section content-section-spacing white-text\" data-parallax-depth=\"20\" style=\"background-image: url(&quot;http:\/\/www.odtahovabognar.sk\/wp-content\/uploads\/2021\/02\/image0.jpeg&quot;); background-size: cover; background-position: center top;\"><div  class=\"\"> <div  class=\"row text-center\"><div  class=\"section-title-col\" data-type=\"column\"> <h1  class=\"\"><span  class=\"et_pb_module_header\" style=\"padding-bottom: 20px; border: 0px; vertical-align: baseline; line-height: 1.2em !important; font-family: Lato, sans-serif !important; text-transform: uppercase !important; letter-spacing: 2px !important; text-shadow: rgba(0, 0, 0, 0.24) 0em 0.1em 0.6em !important;\">Kapcsolat<\/span><\/h1><h2  class=\"\">H\u00cdVJON MINKET!<\/h2> <h2  class=\"\">+421 915 443 898<\/h2><h3  class=\"\">EMAIL : info@odtahovabognar.sk<\/h3><\/div> <\/div> <div  class=\"row text-center\"> <div  class=\"col-xs-12 col-sm-8 col-sm-offset-2 contact-form-wrapper inline-info\"> <div  class=\"card large-padding\"> <div  class=\"\" data-content-shortcode=\"mesmerize_contact_form shortcode=&quot;&amp;amp;lt;a href=tel:&amp;amp;#39;+421915443898&amp;amp;#39;&amp;amp;gt;H\u00edvj most!&amp;amp;lt;\/a&amp;amp;gt;&quot;\" data-editable=\"true\">[<a href=tel:&#39;+421915443898&#39;>H\u00edvj most!<\/a>]<\/div><\/div> <\/div><\/div> <\/div><\/div>","protected":false},"excerpt":{"rendered":"<p>SZOLG\u00c1LTAT\u00c1SOK REFERENCI\u00c1K KAPCSOLAT Aut\u00f3sz\u00e1ll\u00edt\u00e1s, aut\u00f3ment\u00e9s, aut\u00f3 behozatal k\u00fclf\u00f6ldr\u0151l, \u00e1rusz\u00e1ll\u00edt\u00e1s 3,5 tonn\u00e1ig&nbsp; V\u00e1ratlanul le\u00e1llt az aut\u00f3ja? Vagy nem indul kocsija? Net\u00e1n defektet kapott vagy kifogyott az \u00fczemanyag? F\u00e9lre tankolt, \u00e9s meghib\u00e1sodott a g\u00e9pj\u00e1rm\u0171je? Ne essen p\u00e1nikba, keressen minket, \u00e9s mi seg\u00edteni fogunk \u00d6nnek! H\u00edv\u00e1sa ut\u00e1n azonnal indulunk a megadott helysz\u00ednre, \u00e9s sz\u00fcks\u00e9g eset\u00e9n gondoskodunk \u00d6n \u00e9s&hellip; <br \/> <a class=\"read-more\" href=\"https:\/\/www.odtahovabognar.sk\/\">Read more<\/a><\/p>\n","protected":false},"author":1,"featured_media":0,"parent":0,"menu_order":0,"comment_status":"closed","ping_status":"closed","template":"page-templates\/homepage.php","meta":[],"_links":{"self":[{"href":"https:\/\/www.odtahovabognar.sk\/index.php\/wp-json\/wp\/v2\/pages\/33"}],"collection":[{"href":"https:\/\/www.odtahovabognar.sk\/index.php\/wp-json\/wp\/v2\/pages"}],"about":[{"href":"https:\/\/www.odtahovabognar.sk\/index.php\/wp-json\/wp\/v2\/types\/page"}],"author":[{"embeddable":true,"href":"https:\/\/www.odtahovabognar.sk\/index.php\/wp-json\/wp\/v2\/users\/1"}],"replies":[{"embeddable":true,"href":"https:\/\/www.odtahovabognar.sk\/index.php\/wp-json\/wp\/v2\/comments?post=33"}],"version-history":[{"count":17,"href":"https:\/\/www.odtahovabognar.sk\/index.php\/wp-json\/wp\/v2\/pages\/33\/revisions"}],"predecessor-version":[{"id":136,"href":"https:\/\/www.odtahovabognar.sk\/index.php\/wp-json\/wp\/v2\/pages\/33\/revisions\/136"}],"wp:attachment":[{"href":"https:\/\/www.odtahovabognar.sk\/index.php\/wp-json\/wp\/v2\/media?parent=33"}],"curies":[{"name":"wp","href":"https:\/\/api.w.org\/{rel}","templated":true}]}}