{"id":2,"date":"2021-02-27T14:38:18","date_gmt":"2021-02-27T14:38:18","guid":{"rendered":"http:\/\/localhost\/wordpress\/?page_id=2"},"modified":"2021-02-27T14:39:40","modified_gmt":"2021-02-27T14:39:40","slug":"sample-page","status":"publish","type":"page","link":"https:\/\/www.odtahovabognar.sk\/index.php\/sample-page\/","title":{"rendered":"Kapcsolat"},"content":{"rendered":"\n<p class=\"has-medium-font-size\"><strong>Arnold P\u00e1l Bogn\u00e1r<\/strong><\/p>\n\n\n\n<p><strong>Telefon :<\/strong><a href=\"http:\/\/+421 915 443 898\"> +421 915 443 898<\/a><br><strong>E-mail :<\/strong><a href=\"mailto:blednikautomentes@gmail.com\"> info@odtahovabognar.sk<\/a><br><strong>C\u00edm : Dunajsk\u00e1 Streda , Komensk\u00e9ho 24 , 929 01 , Slovakia<\/strong><\/p>\n","protected":false},"excerpt":{"rendered":"<p>Arnold P\u00e1l Bogn\u00e1r Telefon : +421 915 443 898E-mail : info@odtahovabognar.skC\u00edm : Dunajsk\u00e1 Streda , Komensk\u00e9ho 24 , 929 01 , Slovakia<\/p>\n","protected":false},"author":1,"featured_media":0,"parent":0,"menu_order":0,"comment_status":"closed","ping_status":"open","template":"","meta":[],"_links":{"self":[{"href":"https:\/\/www.odtahovabognar.sk\/index.php\/wp-json\/wp\/v2\/pages\/2"}],"collection":[{"href":"https:\/\/www.odtahovabognar.sk\/index.php\/wp-json\/wp\/v2\/pages"}],"about":[{"href":"https:\/\/www.odtahovabognar.sk\/index.php\/wp-json\/wp\/v2\/types\/page"}],"author":[{"embeddable":true,"href":"https:\/\/www.odtahovabognar.sk\/index.php\/wp-json\/wp\/v2\/users\/1"}],"replies":[{"embeddable":true,"href":"https:\/\/www.odtahovabognar.sk\/index.php\/wp-json\/wp\/v2\/comments?post=2"}],"version-history":[{"count":2,"href":"https:\/\/www.odtahovabognar.sk\/index.php\/wp-json\/wp\/v2\/pages\/2\/revisions"}],"predecessor-version":[{"id":120,"href":"https:\/\/www.odtahovabognar.sk\/index.php\/wp-json\/wp\/v2\/pages\/2\/revisions\/120"}],"wp:attachment":[{"href":"https:\/\/www.odtahovabognar.sk\/index.php\/wp-json\/wp\/v2\/media?parent=2"}],"curies":[{"name":"wp","href":"https:\/\/api.w.org\/{rel}","templated":true}]}}